{"id":109,"date":"2019-02-22T21:55:51","date_gmt":"2019-02-22T21:55:51","guid":{"rendered":"https:\/\/zalts-man.com\/de\/?page_id=109"},"modified":"2020-12-01T23:23:30","modified_gmt":"2020-12-01T23:23:30","slug":"unsere-leistungen","status":"publish","type":"page","link":"https:\/\/zalts-man.com\/de\/unsere-leistungen\/","title":{"rendered":"Unsere Leistungen"},"content":{"rendered":"\t\t<div data-elementor-type=\"wp-post\" data-elementor-id=\"109\" class=\"elementor elementor-109\">\n\t\t\t\t\t\t<section class=\"elementor-section elementor-top-section elementor-element elementor-element-7f3fdb71 elementor-section-content-middle elementor-section-boxed elementor-section-height-default elementor-section-height-default\" data-id=\"7f3fdb71\" data-element_type=\"section\" data-settings=\"{&quot;background_background&quot;:&quot;classic&quot;}\">\n\t\t\t\t\t\t<div class=\"elementor-container elementor-column-gap-default\">\n\t\t\t\t\t<div class=\"elementor-column elementor-col-100 elementor-top-column elementor-element elementor-element-159cd78b\" data-id=\"159cd78b\" data-element_type=\"column\">\n\t\t\t<div class=\"elementor-widget-wrap elementor-element-populated\">\n\t\t\t\t\t\t<div class=\"elementor-element elementor-element-199ec1b5 elementor-widget elementor-widget-heading\" data-id=\"199ec1b5\" data-element_type=\"widget\" data-widget_type=\"heading.default\">\n\t\t\t\t<div class=\"elementor-widget-container\">\n\t\t\t\t\t<h1 class=\"elementor-heading-title elementor-size-xxl\">Unsere Leistungen<\/h1>\t\t\t\t<\/div>\n\t\t\t\t<\/div>\n\t\t\t\t\t<\/div>\n\t\t<\/div>\n\t\t\t\t\t<\/div>\n\t\t<\/section>\n\t\t\t\t<section class=\"elementor-section elementor-top-section elementor-element elementor-element-6ba90314 elementor-section-boxed elementor-section-height-default elementor-section-height-default\" data-id=\"6ba90314\" data-element_type=\"section\">\n\t\t\t\t\t\t<div class=\"elementor-container elementor-column-gap-default\">\n\t\t\t\t\t<div class=\"elementor-column elementor-col-100 elementor-top-column elementor-element elementor-element-531f00bb\" data-id=\"531f00bb\" data-element_type=\"column\">\n\t\t\t<div class=\"elementor-widget-wrap elementor-element-populated\">\n\t\t\t\t\t\t<div class=\"elementor-element elementor-element-60722744 super-lead elementor-invisible elementor-widget elementor-widget-heading\" data-id=\"60722744\" data-element_type=\"widget\" data-settings=\"{&quot;_animation&quot;:&quot;fadeInUp&quot;}\" data-widget_type=\"heading.default\">\n\t\t\t\t<div class=\"elementor-widget-container\">\n\t\t\t\t\t<p class=\"elementor-heading-title elementor-size-default\">Wir beraten und setzen verschiedene Projekte in Entwicklung und Optimierung von Webseiten und Onlineshops um, bieten zertifizierte Unterst\u00fctzung und Schulungen bei Google Ads, gestalten Promomaterialien f\u00fcr Social Media. \nWir arbeiten in DACH Region und mit anderen L\u00e4ndern.\n  \nIn Barcelona und Spanienweit steht Ihnen unser professionelles Video-Produktion Team zur Verf\u00fcgung. Wir sind ein direkter Ansprechpartner f\u00fcr Werbung in Barcelona Metro.  \n\nAuch f\u00fcr neue und ungew\u00f6hnliche Projekte und Anfragen sind wir gerne f\u00fcr Sie da.<\/p>\t\t\t\t<\/div>\n\t\t\t\t<\/div>\n\t\t\t\t<section class=\"elementor-section elementor-inner-section elementor-element elementor-element-53f0087b elementor-section-boxed elementor-section-height-default elementor-section-height-default elementor-invisible\" data-id=\"53f0087b\" data-element_type=\"section\" data-settings=\"{&quot;animation&quot;:&quot;fadeInUp&quot;}\">\n\t\t\t\t\t\t<div class=\"elementor-container elementor-column-gap-wider\">\n\t\t\t\t\t<div class=\"elementor-column elementor-col-50 elementor-inner-column elementor-element elementor-element-28eba369 item flat_item left_icon elementor-invisible\" data-id=\"28eba369\" data-element_type=\"column\" data-settings=\"{&quot;animation&quot;:&quot;fadeInUp&quot;}\">\n\t\t\t<div class=\"elementor-widget-wrap elementor-element-populated\">\n\t\t\t\t\t\t<div class=\"elementor-element elementor-element-44f0b600 icon left_icon elementor-widget elementor-widget-image\" data-id=\"44f0b600\" data-element_type=\"widget\" data-widget_type=\"image.default\">\n\t\t\t\t<div class=\"elementor-widget-container\">\n\t\t\t\t\t\t\t\t\t\t\t\t\t\t\t<img decoding=\"async\" src=\"https:\/\/zalts-man.com\/de\/wp-content\/uploads\/sites\/2\/2019\/02\/web_development-1.svg\" class=\"attachment-full size-full wp-image-242\" alt=\"\" \/>\t\t\t\t\t\t\t\t\t\t\t\t\t\t\t<\/div>\n\t\t\t\t<\/div>\n\t\t\t\t<div class=\"elementor-element elementor-element-5dc65b26 elementor-widget elementor-widget-text-editor\" data-id=\"5dc65b26\" data-element_type=\"widget\" data-widget_type=\"text-editor.default\">\n\t\t\t\t<div class=\"elementor-widget-container\">\n\t\t\t\t\t\t\t\t\t<h3>Entwicklung von Webseiten und Online Shops<\/h3><p>Responsive Design, UX Standards, SEO Optimierung<\/p>\t\t\t\t\t\t\t\t<\/div>\n\t\t\t\t<\/div>\n\t\t\t\t\t<\/div>\n\t\t<\/div>\n\t\t\t\t<div class=\"elementor-column elementor-col-50 elementor-inner-column elementor-element elementor-element-103a8bd2 item flat_item left_icon elementor-invisible\" data-id=\"103a8bd2\" data-element_type=\"column\" data-settings=\"{&quot;animation&quot;:&quot;fadeInUp&quot;}\">\n\t\t\t<div class=\"elementor-widget-wrap elementor-element-populated\">\n\t\t\t\t\t\t<div class=\"elementor-element elementor-element-1b1bc0ac icon elementor-widget elementor-widget-image\" data-id=\"1b1bc0ac\" data-element_type=\"widget\" data-widget_type=\"image.default\">\n\t\t\t\t<div class=\"elementor-widget-container\">\n\t\t\t\t\t\t\t\t\t\t\t\t\t\t\t<img decoding=\"async\" src=\"https:\/\/zalts-man.com\/de\/wp-content\/uploads\/sites\/2\/2019\/02\/seo_optimization-1.svg\" class=\"attachment-full size-full wp-image-243\" alt=\"\" \/>\t\t\t\t\t\t\t\t\t\t\t\t\t\t\t<\/div>\n\t\t\t\t<\/div>\n\t\t\t\t<div class=\"elementor-element elementor-element-49bcc148 elementor-widget elementor-widget-text-editor\" data-id=\"49bcc148\" data-element_type=\"widget\" data-widget_type=\"text-editor.default\">\n\t\t\t\t<div class=\"elementor-widget-container\">\n\t\t\t\t\t\t\t\t\t<h3>Google Ads und andere PPC Kampagnen<\/h3><p>Zielgerichtete Kundenansprache, feine Steuerung<\/p>\t\t\t\t\t\t\t\t<\/div>\n\t\t\t\t<\/div>\n\t\t\t\t\t<\/div>\n\t\t<\/div>\n\t\t\t\t\t<\/div>\n\t\t<\/section>\n\t\t\t\t<section class=\"elementor-section elementor-inner-section elementor-element elementor-element-77e4ef1b elementor-section-boxed elementor-section-height-default elementor-section-height-default elementor-invisible\" data-id=\"77e4ef1b\" data-element_type=\"section\" data-settings=\"{&quot;animation&quot;:&quot;fadeInUp&quot;}\">\n\t\t\t\t\t\t<div class=\"elementor-container elementor-column-gap-wider\">\n\t\t\t\t\t<div class=\"elementor-column elementor-col-50 elementor-inner-column elementor-element elementor-element-54fdf8a3 item flat_item left_icon elementor-invisible\" data-id=\"54fdf8a3\" data-element_type=\"column\" data-settings=\"{&quot;animation&quot;:&quot;fadeInUp&quot;,&quot;animation_delay&quot;:400}\">\n\t\t\t<div class=\"elementor-widget-wrap elementor-element-populated\">\n\t\t\t\t\t\t<div class=\"elementor-element elementor-element-732c8fa icon elementor-widget elementor-widget-image\" data-id=\"732c8fa\" data-element_type=\"widget\" data-widget_type=\"image.default\">\n\t\t\t\t<div class=\"elementor-widget-container\">\n\t\t\t\t\t\t\t\t\t\t\t\t\t\t\t<img decoding=\"async\" src=\"https:\/\/zalts-man.com\/de\/wp-content\/uploads\/sites\/2\/2019\/02\/craft_cms-1.svg\" class=\"attachment-full size-full wp-image-244\" alt=\"\" \/>\t\t\t\t\t\t\t\t\t\t\t\t\t\t\t<\/div>\n\t\t\t\t<\/div>\n\t\t\t\t<div class=\"elementor-element elementor-element-430b5d12 elementor-widget elementor-widget-text-editor\" data-id=\"430b5d12\" data-element_type=\"widget\" data-widget_type=\"text-editor.default\">\n\t\t\t\t<div class=\"elementor-widget-container\">\n\t\t\t\t\t\t\t\t\t<h3>Branding, Video Production, Metro Werbung<\/h3><p>Ihre Zielgruppe auf mehreren Kan\u00e4len zu erreichen. Mit modernen Techniken von Offline-Umwelt<\/p>\t\t\t\t\t\t\t\t<\/div>\n\t\t\t\t<\/div>\n\t\t\t\t\t<\/div>\n\t\t<\/div>\n\t\t\t\t<div class=\"elementor-column elementor-col-50 elementor-inner-column elementor-element elementor-element-57096777 item flat_item left_icon elementor-invisible\" data-id=\"57096777\" data-element_type=\"column\" data-settings=\"{&quot;animation&quot;:&quot;fadeInUp&quot;,&quot;animation_delay&quot;:400}\">\n\t\t\t<div class=\"elementor-widget-wrap elementor-element-populated\">\n\t\t\t\t\t\t<div class=\"elementor-element elementor-element-705f7934 icon elementor-widget elementor-widget-image\" data-id=\"705f7934\" data-element_type=\"widget\" data-widget_type=\"image.default\">\n\t\t\t\t<div class=\"elementor-widget-container\">\n\t\t\t\t\t\t\t\t\t\t\t\t\t\t\t<img decoding=\"async\" src=\"https:\/\/zalts-man.com\/de\/wp-content\/uploads\/sites\/2\/2019\/02\/web_aplication-1.svg\" class=\"attachment-full size-full wp-image-245\" alt=\"\" \/>\t\t\t\t\t\t\t\t\t\t\t\t\t\t\t<\/div>\n\t\t\t\t<\/div>\n\t\t\t\t<div class=\"elementor-element elementor-element-226118c elementor-widget elementor-widget-text-editor\" data-id=\"226118c\" data-element_type=\"widget\" data-widget_type=\"text-editor.default\">\n\t\t\t\t<div class=\"elementor-widget-container\">\n\t\t\t\t\t\t\t\t\t<h3>Social Media Design und neue Tools<\/h3><div>Medien\u00fcbergreifende visuelle und technische Konzepte und Umsetzung<\/div>\t\t\t\t\t\t\t\t<\/div>\n\t\t\t\t<\/div>\n\t\t\t\t\t<\/div>\n\t\t<\/div>\n\t\t\t\t\t<\/div>\n\t\t<\/section>\n\t\t\t\t\t<\/div>\n\t\t<\/div>\n\t\t\t\t\t<\/div>\n\t\t<\/section>\n\t\t\t\t<section class=\"elementor-section elementor-top-section elementor-element elementor-element-616a3bb9 elementor-section-content-middle elementor-section-boxed elementor-section-height-default elementor-section-height-default\" data-id=\"616a3bb9\" data-element_type=\"section\">\n\t\t\t\t\t\t<div class=\"elementor-container elementor-column-gap-wider\">\n\t\t\t\t\t<div class=\"elementor-column elementor-col-50 elementor-top-column elementor-element elementor-element-1088f9d0\" data-id=\"1088f9d0\" data-element_type=\"column\">\n\t\t\t<div class=\"elementor-widget-wrap elementor-element-populated\">\n\t\t\t\t\t\t<div class=\"elementor-element elementor-element-63cee7ef elementor-invisible elementor-widget elementor-widget-text-editor\" data-id=\"63cee7ef\" data-element_type=\"widget\" data-settings=\"{&quot;_animation&quot;:&quot;fadeInUp&quot;}\" data-widget_type=\"text-editor.default\">\n\t\t\t\t<div class=\"elementor-widget-container\">\n\t\t\t\t\t\t\t\t\t<p>Wenn Sie ein Audit Ihrer bestehenden Marketingaktivit\u00e4ten w\u00fcnschen, stehen wir Ihnen zur Verf\u00fcgung. Wir f\u00fchren auch Projektbegleitung oder einzelne Schulungen.<\/p><p>Wir haben was zu bieten wenn Sie folgende Funktionen ben\u00f6tigen, und zwar zu einem sehr attraktiven Preis:<br \/>&#8211; eine Automatisierung von Gesch\u00e4ftsabl\u00e4ufen wie z.B. ein Lagerverwaltungsprogramm<br \/>&#8211; eine Webseite bzw. ein Portal mit Benutzerverwaltung mit verschiedenen Nutzungsrechten und Ebenen<br \/>&#8211; ein internes Bannersystem oder Bonuspunkte zu verleihen oder zu verkaufen.<br \/><br \/>Wir f\u00fchren spezielle Projekte durch, wie Unterst\u00fctzung gemeinn\u00fctziger und nachhaltiger Unternehmen, sowie neuer und aufkommender Gesch\u00e4ftsmodelle wie Escape Room, Coworking Zentren und neue Modedesigner.<\/p>\t\t\t\t\t\t\t\t<\/div>\n\t\t\t\t<\/div>\n\t\t\t\t\t<\/div>\n\t\t<\/div>\n\t\t\t\t<div class=\"elementor-column elementor-col-50 elementor-top-column elementor-element elementor-element-6e6f4b0e\" data-id=\"6e6f4b0e\" data-element_type=\"column\">\n\t\t\t<div class=\"elementor-widget-wrap elementor-element-populated\">\n\t\t\t\t\t\t<div class=\"elementor-element elementor-element-c07961c elementor-invisible elementor-widget elementor-widget-image\" data-id=\"c07961c\" data-element_type=\"widget\" data-settings=\"{&quot;_animation&quot;:&quot;fadeInUp&quot;,&quot;_animation_delay&quot;:300}\" data-widget_type=\"image.default\">\n\t\t\t\t<div class=\"elementor-widget-container\">\n\t\t\t\t\t\t\t\t\t\t\t\t\t\t\t<img fetchpriority=\"high\" decoding=\"async\" width=\"1000\" height=\"1000\" src=\"https:\/\/zalts-man.com\/de\/wp-content\/uploads\/sites\/2\/2019\/02\/seo_optimization_barcelona.jpg\" class=\"attachment-full size-full wp-image-246\" alt=\"\" srcset=\"https:\/\/zalts-man.com\/de\/wp-content\/uploads\/sites\/2\/2019\/02\/seo_optimization_barcelona.jpg 1000w, https:\/\/zalts-man.com\/de\/wp-content\/uploads\/sites\/2\/2019\/02\/seo_optimization_barcelona-150x150.jpg 150w, https:\/\/zalts-man.com\/de\/wp-content\/uploads\/sites\/2\/2019\/02\/seo_optimization_barcelona-300x300.jpg 300w, https:\/\/zalts-man.com\/de\/wp-content\/uploads\/sites\/2\/2019\/02\/seo_optimization_barcelona-768x768.jpg 768w\" sizes=\"(max-width: 1000px) 100vw, 1000px\" \/>\t\t\t\t\t\t\t\t\t\t\t\t\t\t\t<\/div>\n\t\t\t\t<\/div>\n\t\t\t\t\t<\/div>\n\t\t<\/div>\n\t\t\t\t\t<\/div>\n\t\t<\/section>\n\t\t\t\t<section class=\"elementor-section elementor-top-section elementor-element elementor-element-facf26a blue_form elementor-section-boxed elementor-section-height-default elementor-section-height-default\" data-id=\"facf26a\" data-element_type=\"section\" data-settings=\"{&quot;background_background&quot;:&quot;classic&quot;}\">\n\t\t\t\t\t\t<div class=\"elementor-container elementor-column-gap-default\">\n\t\t\t\t\t<div class=\"elementor-column elementor-col-50 elementor-top-column elementor-element elementor-element-41a5ae21\" data-id=\"41a5ae21\" data-element_type=\"column\">\n\t\t\t<div class=\"elementor-widget-wrap elementor-element-populated\">\n\t\t\t\t\t\t<div class=\"elementor-element elementor-element-2c496170 elementor-widget elementor-widget-text-editor\" data-id=\"2c496170\" data-element_type=\"widget\" data-widget_type=\"text-editor.default\">\n\t\t\t\t<div class=\"elementor-widget-container\">\n\t\t\t\t\t\t\t\t\t<h2>Kontaktieren Sie uns<\/h2><p class=\"p1\">Wir k\u00f6nnen gemeinsam die erzielten Ergebnisse bewerten \u2013 monatlich oder viertelj\u00e4hrlich \u2013 und gegebenenfalls neue Ziele festlegen.<\/p>\t\t\t\t\t\t\t\t<\/div>\n\t\t\t\t<\/div>\n\t\t\t\t\t<\/div>\n\t\t<\/div>\n\t\t\t\t<div class=\"elementor-column elementor-col-50 elementor-top-column elementor-element elementor-element-540070a3\" data-id=\"540070a3\" data-element_type=\"column\">\n\t\t\t<div class=\"elementor-widget-wrap elementor-element-populated\">\n\t\t\t\t\t\t<div class=\"elementor-element elementor-element-3e862b56 elementor-widget elementor-widget-shortcode\" data-id=\"3e862b56\" data-element_type=\"widget\" data-widget_type=\"shortcode.default\">\n\t\t\t\t<div class=\"elementor-widget-container\">\n\t\t\t\t\t\t\t<div class=\"elementor-shortcode\">\n<div class=\"wpcf7 no-js\" id=\"wpcf7-f61-o1\" lang=\"de-DE\" dir=\"ltr\" data-wpcf7-id=\"61\">\n<div class=\"screen-reader-response\"><p role=\"status\" aria-live=\"polite\" aria-atomic=\"true\"><\/p> <ul><\/ul><\/div>\n<form action=\"\/de\/wp-json\/wp\/v2\/pages\/109#wpcf7-f61-o1\" method=\"post\" class=\"wpcf7-form init\" aria-label=\"Kontaktformular\" novalidate=\"novalidate\" data-status=\"init\">\n<fieldset class=\"hidden-fields-container\"><input type=\"hidden\" name=\"_wpcf7\" value=\"61\" \/><input type=\"hidden\" name=\"_wpcf7_version\" value=\"6.1.1\" \/><input type=\"hidden\" name=\"_wpcf7_locale\" value=\"de_DE\" \/><input type=\"hidden\" name=\"_wpcf7_unit_tag\" value=\"wpcf7-f61-o1\" \/><input type=\"hidden\" name=\"_wpcf7_container_post\" value=\"0\" \/><input type=\"hidden\" name=\"_wpcf7_posted_data_hash\" value=\"\" \/>\n<\/fieldset>\n<div class=\"form-fields\">\n\t<p><span class=\"wpcf7-form-control-wrap\" data-name=\"your-name\"><input size=\"40\" maxlength=\"400\" class=\"wpcf7-form-control wpcf7-text wpcf7-validates-as-required\" aria-required=\"true\" aria-invalid=\"false\" placeholder=\"Name\" value=\"\" type=\"text\" name=\"your-name\" \/><\/span><span class=\"wpcf7-form-control-wrap\" data-name=\"your-email\"><input size=\"40\" maxlength=\"400\" class=\"wpcf7-form-control wpcf7-email wpcf7-validates-as-required wpcf7-text wpcf7-validates-as-email\" aria-required=\"true\" aria-invalid=\"false\" placeholder=\"E-Mail\" value=\"\" type=\"email\" name=\"your-email\" \/><\/span><span class=\"wpcf7-form-control-wrap\" data-name=\"your-phone\"><input size=\"40\" maxlength=\"400\" class=\"wpcf7-form-control wpcf7-text\" aria-invalid=\"false\" placeholder=\"Tel. \/ WhatsApp\" value=\"\" type=\"text\" name=\"your-phone\" \/><\/span>\n\t<\/p>\n<\/div>\n<p><span class=\"wpcf7-form-control-wrap\" data-name=\"your-message\"><textarea cols=\"40\" rows=\"10\" maxlength=\"2000\" class=\"wpcf7-form-control wpcf7-textarea\" aria-invalid=\"false\" placeholder=\"Nachricht\" name=\"your-message\"><\/textarea><\/span>\n<\/p>\n<p class=\"sbmt\"><input class=\"wpcf7-form-control wpcf7-submit has-spinner\" type=\"submit\" value=\"Senden\" \/>\n<\/p><div class=\"wpcf7-response-output\" aria-hidden=\"true\"><\/div>\n<\/form>\n<\/div>\n<\/div>\n\t\t\t\t\t\t<\/div>\n\t\t\t\t<\/div>\n\t\t\t\t\t<\/div>\n\t\t<\/div>\n\t\t\t\t\t<\/div>\n\t\t<\/section>\n\t\t\t\t<\/div>\n\t\t","protected":false},"excerpt":{"rendered":"<p>Unsere Leistungen Wir beraten und setzen verschiedene Projekte in Entwicklung und Optimierung von Webseiten und Onlineshops um, bieten zertifizierte Unterst\u00fctzung und Schulungen bei Google Ads, gestalten Promomaterialien f\u00fcr Social Media. Wir arbeiten in DACH Region und mit anderen L\u00e4ndern. In Barcelona und Spanienweit steht Ihnen unser professionelles Video-Produktion Team zur Verf\u00fcgung. Wir sind ein direkter [&hellip;]<\/p>\n","protected":false},"author":1,"featured_media":0,"parent":0,"menu_order":0,"comment_status":"closed","ping_status":"closed","template":"elementor_header_footer","meta":{"_acf_changed":false,"footnotes":""},"class_list":["post-109","page","type-page","status-publish","hentry"],"acf":[],"yoast_head":"<!-- This site is optimized with the Yoast SEO plugin v25.7 - https:\/\/yoast.com\/wordpress\/plugins\/seo\/ -->\n<title>Unsere Leistungen - Werbeagentur f\u00fcr Webseiten, Onlineshops, Google Ads, SEO, PPC Services, Webentwicklung &amp; Beratung<\/title>\n<meta name=\"robots\" content=\"index, follow, max-snippet:-1, max-image-preview:large, max-video-preview:-1\" \/>\n<link rel=\"canonical\" href=\"https:\/\/zalts-man.com\/de\/unsere-leistungen\/\" \/>\n<meta property=\"og:locale\" content=\"de_DE\" \/>\n<meta property=\"og:type\" content=\"article\" \/>\n<meta property=\"og:title\" content=\"Unsere Leistungen - Werbeagentur f\u00fcr Webseiten, Onlineshops, Google Ads, SEO, PPC Services, Webentwicklung &amp; Beratung\" \/>\n<meta property=\"og:description\" content=\"Unsere Leistungen Wir beraten und setzen verschiedene Projekte in Entwicklung und Optimierung von Webseiten und Onlineshops um, bieten zertifizierte Unterst\u00fctzung und Schulungen bei Google Ads, gestalten Promomaterialien f\u00fcr Social Media. Wir arbeiten in DACH Region und mit anderen L\u00e4ndern. In Barcelona und Spanienweit steht Ihnen unser professionelles Video-Produktion Team zur Verf\u00fcgung. Wir sind ein direkter [&hellip;]\" \/>\n<meta property=\"og:url\" content=\"https:\/\/zalts-man.com\/de\/unsere-leistungen\/\" \/>\n<meta property=\"og:site_name\" content=\"Werbeagentur f\u00fcr Webseiten, Onlineshops, Google Ads, SEO, PPC Services, Webentwicklung &amp; Beratung\" \/>\n<meta property=\"article:modified_time\" content=\"2020-12-01T23:23:30+00:00\" \/>\n<meta property=\"og:image\" content=\"https:\/\/zalts-man.com\/de\/wp-content\/uploads\/sites\/2\/2019\/02\/web_development-1.svg\" \/>\n<meta name=\"twitter:card\" content=\"summary_large_image\" \/>\n<meta name=\"twitter:label1\" content=\"Gesch\u00e4tzte Lesezeit\" \/>\n\t<meta name=\"twitter:data1\" content=\"1\u00a0Minute\" \/>\n<script type=\"application\/ld+json\" class=\"yoast-schema-graph\">{\"@context\":\"https:\/\/schema.org\",\"@graph\":[{\"@type\":\"WebPage\",\"@id\":\"https:\/\/zalts-man.com\/de\/unsere-leistungen\/\",\"url\":\"https:\/\/zalts-man.com\/de\/unsere-leistungen\/\",\"name\":\"Unsere Leistungen - Werbeagentur f\u00fcr Webseiten, Onlineshops, Google Ads, SEO, PPC Services, Webentwicklung &amp; Beratung\",\"isPartOf\":{\"@id\":\"https:\/\/zalts-man.com\/de\/#website\"},\"primaryImageOfPage\":{\"@id\":\"https:\/\/zalts-man.com\/de\/unsere-leistungen\/#primaryimage\"},\"image\":{\"@id\":\"https:\/\/zalts-man.com\/de\/unsere-leistungen\/#primaryimage\"},\"thumbnailUrl\":\"https:\/\/zalts-man.com\/de\/wp-content\/uploads\/sites\/2\/2019\/02\/web_development-1.svg\",\"datePublished\":\"2019-02-22T21:55:51+00:00\",\"dateModified\":\"2020-12-01T23:23:30+00:00\",\"breadcrumb\":{\"@id\":\"https:\/\/zalts-man.com\/de\/unsere-leistungen\/#breadcrumb\"},\"inLanguage\":\"de\",\"potentialAction\":[{\"@type\":\"ReadAction\",\"target\":[\"https:\/\/zalts-man.com\/de\/unsere-leistungen\/\"]}]},{\"@type\":\"ImageObject\",\"inLanguage\":\"de\",\"@id\":\"https:\/\/zalts-man.com\/de\/unsere-leistungen\/#primaryimage\",\"url\":\"https:\/\/zalts-man.com\/de\/wp-content\/uploads\/sites\/2\/2019\/02\/web_development-1.svg\",\"contentUrl\":\"https:\/\/zalts-man.com\/de\/wp-content\/uploads\/sites\/2\/2019\/02\/web_development-1.svg\"},{\"@type\":\"BreadcrumbList\",\"@id\":\"https:\/\/zalts-man.com\/de\/unsere-leistungen\/#breadcrumb\",\"itemListElement\":[{\"@type\":\"ListItem\",\"position\":1,\"name\":\"Home\",\"item\":\"https:\/\/zalts-man.com\/de\/\"},{\"@type\":\"ListItem\",\"position\":2,\"name\":\"Unsere Leistungen\"}]},{\"@type\":\"WebSite\",\"@id\":\"https:\/\/zalts-man.com\/de\/#website\",\"url\":\"https:\/\/zalts-man.com\/de\/\",\"name\":\"Werbeagentur f\u00fcr Webseiten, Onlineshops, Google Ads, SEO, PPC Services, Webentwicklung &amp; Beratung\",\"description\":\"Professionelle Online Marketing Beratung und Webentwicklung in DACH und Spanien\",\"potentialAction\":[{\"@type\":\"SearchAction\",\"target\":{\"@type\":\"EntryPoint\",\"urlTemplate\":\"https:\/\/zalts-man.com\/de\/?s={search_term_string}\"},\"query-input\":{\"@type\":\"PropertyValueSpecification\",\"valueRequired\":true,\"valueName\":\"search_term_string\"}}],\"inLanguage\":\"de\"}]}<\/script>\n<!-- \/ Yoast SEO plugin. -->","yoast_head_json":{"title":"Unsere Leistungen - Werbeagentur f\u00fcr Webseiten, Onlineshops, Google Ads, SEO, PPC Services, Webentwicklung &amp; Beratung","robots":{"index":"index","follow":"follow","max-snippet":"max-snippet:-1","max-image-preview":"max-image-preview:large","max-video-preview":"max-video-preview:-1"},"canonical":"https:\/\/zalts-man.com\/de\/unsere-leistungen\/","og_locale":"de_DE","og_type":"article","og_title":"Unsere Leistungen - Werbeagentur f\u00fcr Webseiten, Onlineshops, Google Ads, SEO, PPC Services, Webentwicklung &amp; Beratung","og_description":"Unsere Leistungen Wir beraten und setzen verschiedene Projekte in Entwicklung und Optimierung von Webseiten und Onlineshops um, bieten zertifizierte Unterst\u00fctzung und Schulungen bei Google Ads, gestalten Promomaterialien f\u00fcr Social Media. Wir arbeiten in DACH Region und mit anderen L\u00e4ndern. In Barcelona und Spanienweit steht Ihnen unser professionelles Video-Produktion Team zur Verf\u00fcgung. Wir sind ein direkter [&hellip;]","og_url":"https:\/\/zalts-man.com\/de\/unsere-leistungen\/","og_site_name":"Werbeagentur f\u00fcr Webseiten, Onlineshops, Google Ads, SEO, PPC Services, Webentwicklung &amp; Beratung","article_modified_time":"2020-12-01T23:23:30+00:00","og_image":[{"url":"https:\/\/zalts-man.com\/de\/wp-content\/uploads\/sites\/2\/2019\/02\/web_development-1.svg","type":"","width":"","height":""}],"twitter_card":"summary_large_image","twitter_misc":{"Gesch\u00e4tzte Lesezeit":"1\u00a0Minute"},"schema":{"@context":"https:\/\/schema.org","@graph":[{"@type":"WebPage","@id":"https:\/\/zalts-man.com\/de\/unsere-leistungen\/","url":"https:\/\/zalts-man.com\/de\/unsere-leistungen\/","name":"Unsere Leistungen - Werbeagentur f\u00fcr Webseiten, Onlineshops, Google Ads, SEO, PPC Services, Webentwicklung &amp; Beratung","isPartOf":{"@id":"https:\/\/zalts-man.com\/de\/#website"},"primaryImageOfPage":{"@id":"https:\/\/zalts-man.com\/de\/unsere-leistungen\/#primaryimage"},"image":{"@id":"https:\/\/zalts-man.com\/de\/unsere-leistungen\/#primaryimage"},"thumbnailUrl":"https:\/\/zalts-man.com\/de\/wp-content\/uploads\/sites\/2\/2019\/02\/web_development-1.svg","datePublished":"2019-02-22T21:55:51+00:00","dateModified":"2020-12-01T23:23:30+00:00","breadcrumb":{"@id":"https:\/\/zalts-man.com\/de\/unsere-leistungen\/#breadcrumb"},"inLanguage":"de","potentialAction":[{"@type":"ReadAction","target":["https:\/\/zalts-man.com\/de\/unsere-leistungen\/"]}]},{"@type":"ImageObject","inLanguage":"de","@id":"https:\/\/zalts-man.com\/de\/unsere-leistungen\/#primaryimage","url":"https:\/\/zalts-man.com\/de\/wp-content\/uploads\/sites\/2\/2019\/02\/web_development-1.svg","contentUrl":"https:\/\/zalts-man.com\/de\/wp-content\/uploads\/sites\/2\/2019\/02\/web_development-1.svg"},{"@type":"BreadcrumbList","@id":"https:\/\/zalts-man.com\/de\/unsere-leistungen\/#breadcrumb","itemListElement":[{"@type":"ListItem","position":1,"name":"Home","item":"https:\/\/zalts-man.com\/de\/"},{"@type":"ListItem","position":2,"name":"Unsere Leistungen"}]},{"@type":"WebSite","@id":"https:\/\/zalts-man.com\/de\/#website","url":"https:\/\/zalts-man.com\/de\/","name":"Werbeagentur f\u00fcr Webseiten, Onlineshops, Google Ads, SEO, PPC Services, Webentwicklung &amp; Beratung","description":"Professionelle Online Marketing Beratung und Webentwicklung in DACH und Spanien","potentialAction":[{"@type":"SearchAction","target":{"@type":"EntryPoint","urlTemplate":"https:\/\/zalts-man.com\/de\/?s={search_term_string}"},"query-input":{"@type":"PropertyValueSpecification","valueRequired":true,"valueName":"search_term_string"}}],"inLanguage":"de"}]}},"_links":{"self":[{"href":"https:\/\/zalts-man.com\/de\/wp-json\/wp\/v2\/pages\/109","targetHints":{"allow":["GET"]}}],"collection":[{"href":"https:\/\/zalts-man.com\/de\/wp-json\/wp\/v2\/pages"}],"about":[{"href":"https:\/\/zalts-man.com\/de\/wp-json\/wp\/v2\/types\/page"}],"author":[{"embeddable":true,"href":"https:\/\/zalts-man.com\/de\/wp-json\/wp\/v2\/users\/1"}],"replies":[{"embeddable":true,"href":"https:\/\/zalts-man.com\/de\/wp-json\/wp\/v2\/comments?post=109"}],"version-history":[{"count":12,"href":"https:\/\/zalts-man.com\/de\/wp-json\/wp\/v2\/pages\/109\/revisions"}],"predecessor-version":[{"id":388,"href":"https:\/\/zalts-man.com\/de\/wp-json\/wp\/v2\/pages\/109\/revisions\/388"}],"wp:attachment":[{"href":"https:\/\/zalts-man.com\/de\/wp-json\/wp\/v2\/media?parent=109"}],"curies":[{"name":"wp","href":"https:\/\/api.w.org\/{rel}","templated":true}]}}